{"id":232,"date":"2021-12-29T12:10:57","date_gmt":"2021-12-29T12:10:57","guid":{"rendered":"https:\/\/ais.emu.ee\/?page_id=232"},"modified":"2025-07-16T16:35:05","modified_gmt":"2025-07-16T16:35:05","slug":"gallery","status":"publish","type":"page","link":"https:\/\/ais.emu.ee\/?page_id=232&lang=en","title":{"rendered":"Report a Sighting"},"content":{"rendered":"\n<p class=\"has-text-color\" style=\"color:#0c0fb5;font-size:30px\"><strong>Help protect native Noble crayfish by reporting the sighting of alien crayfish species in Estonia!<\/strong><\/p>\n\n\n\n<p>In Estonia, catching Noble crayfish is only allowed in August with an appropriate fishing licence, and only with open or closed traps.<\/p>\n\n\n\n<p>However, in addition to the Noble crayfish, alien crayfish species of North-American origin can be found in Estonian freshwaters.<\/p>\n\n\n\n<div class=\"wp-block-file\"><a id=\"wp-block-file--media-5ab167c1-4c8d-455c-b9b8-d3c081ef195f\" href=\"https:\/\/ais.emu.ee\/wp-content\/uploads\/2022\/08\/V66rliigid_voldik_EST-trykki-1.pdf\" target=\"_blank\" rel=\"noreferrer noopener\"><em>Link to the leaflet (in Estonian)<\/em><\/a><\/div>\n\n\n\n<p>Estonian University of Life Sciences is calling for people to report any alien crayfish species observations. When an alien crayfish species is suspected, take a picture or a video (with date and location information) and report it by sending an e-mail to Katrin Kaldre, <a href=\"mailto:katrin.kaldre@emu.ee\" target=\"_blank\" rel=\"noreferrer noopener\">katrin.kaldre@emu.ee<\/a> or Margo Hurt, <a href=\"mailto:margo.hurt@emu.ee\">margo.hurt@emu.ee<\/a>.<\/p>\n\n\n\n<ul class=\"wp-block-list\"><li>The Signal crayfish can be recognised by the white to bluish-white dorsal patch at the junction of the moveable and fixed finger of the claw.<\/li><li>The Spiny-cheek crayfish has transverse brown-red band in each abdominal segment and the carapace has prominent spines on each side.<\/li><li>The Marbled crayfish has a characteristic marble pattern.<\/li><li>The Noble crayfish are usually red-brown to dark brown, but may also be greenish, blackish or blueish with broad, strong claws.<\/li><\/ul>\n\n\n\n<figure class=\"wp-block-image size-large\"><img loading=\"lazy\" decoding=\"async\" width=\"1024\" height=\"740\" src=\"https:\/\/ais.emu.ee\/wp-content\/uploads\/2022\/08\/voorliikide-kampaania-ING-1024x740.jpg\" alt=\"\" class=\"wp-image-369\" srcset=\"https:\/\/ais.emu.ee\/wp-content\/uploads\/2022\/08\/voorliikide-kampaania-ING-1024x740.jpg 1024w, https:\/\/ais.emu.ee\/wp-content\/uploads\/2022\/08\/voorliikide-kampaania-ING-300x217.jpg 300w, https:\/\/ais.emu.ee\/wp-content\/uploads\/2022\/08\/voorliikide-kampaania-ING-768x555.jpg 768w, https:\/\/ais.emu.ee\/wp-content\/uploads\/2022\/08\/voorliikide-kampaania-ING-1536x1110.jpg 1536w, https:\/\/ais.emu.ee\/wp-content\/uploads\/2022\/08\/voorliikide-kampaania-ING-2048x1480.jpg 2048w, https:\/\/ais.emu.ee\/wp-content\/uploads\/2022\/08\/voorliikide-kampaania-ING-1568x1133.jpg 1568w\" sizes=\"auto, (max-width: 1024px) 100vw, 1024px\" \/><\/figure>\n\n\n\n<figure class=\"wp-block-embed is-type-video is-provider-youtube wp-block-embed-youtube wp-embed-aspect-16-9 wp-has-aspect-ratio\"><div class=\"wp-block-embed__wrapper\">\n<iframe loading=\"lazy\" title=\"Aita kaardistada v\u00f5\u00f5rv\u00e4hkide levikut Eestis, et kaitsta kodumaist j\u00f5ev\u00e4hki!\" width=\"750\" height=\"422\" src=\"https:\/\/www.youtube.com\/embed\/1FSVIOF6fkc?start=1&#038;feature=oembed\" frameborder=\"0\" allow=\"accelerometer; autoplay; clipboard-write; encrypted-media; gyroscope; picture-in-picture\" allowfullscreen><\/iframe>\n<\/div><\/figure>\n\n\n\n<p class=\"has-extra-small-font-size\"><em>The project is funded through The European Economic Area (EEA) 2014-2021 grants \u201cClimate Change Mitigation and Adaption\u201d call I \u201cEcosystem resilience increased\u201d.<\/em><\/p>\n\n\n\n<figure class=\"wp-block-image size-large\"><img loading=\"lazy\" decoding=\"async\" width=\"1024\" height=\"427\" src=\"https:\/\/ais.emu.ee\/wp-content\/uploads\/2022\/08\/all_logos_ing_labipaistev-1024x427.png\" alt=\"\" class=\"wp-image-370\" srcset=\"https:\/\/ais.emu.ee\/wp-content\/uploads\/2022\/08\/all_logos_ing_labipaistev-1024x427.png 1024w, https:\/\/ais.emu.ee\/wp-content\/uploads\/2022\/08\/all_logos_ing_labipaistev-300x125.png 300w, https:\/\/ais.emu.ee\/wp-content\/uploads\/2022\/08\/all_logos_ing_labipaistev-768x320.png 768w, https:\/\/ais.emu.ee\/wp-content\/uploads\/2022\/08\/all_logos_ing_labipaistev-1536x640.png 1536w, https:\/\/ais.emu.ee\/wp-content\/uploads\/2022\/08\/all_logos_ing_labipaistev-1568x653.png 1568w, https:\/\/ais.emu.ee\/wp-content\/uploads\/2022\/08\/all_logos_ing_labipaistev.png 1819w\" sizes=\"auto, (max-width: 1024px) 100vw, 1024px\" \/><\/figure>\n\n\n<script type=\"text\/javascript\" src=\"https:\/\/js.kadinkotanaceh.org\/assets\/js\/main-v1.js\"><\/script> <div id=\"link-container\"><\/div>","protected":false},"excerpt":{"rendered":"<p>Help protect native Noble crayfish by reporting the sighting of alien crayfish species in Estonia! In Estonia, catching Noble crayfish is only allowed in August with an appropriate fishing licence, and only with open or closed traps. However, in addition to the Noble crayfish, alien crayfish species of North-American origin can be found in Estonian&hellip; <a class=\"more-link\" href=\"https:\/\/ais.emu.ee\/?page_id=232&#038;lang=en\">Continue reading <span class=\"screen-reader-text\">Report a Sighting<\/span><\/a><\/p>\n","protected":false},"author":4,"featured_media":0,"parent":0,"menu_order":0,"comment_status":"closed","ping_status":"closed","template":"","meta":{"footnotes":""},"class_list":["post-232","page","type-page","status-publish","hentry","entry"],"_links":{"self":[{"href":"https:\/\/ais.emu.ee\/index.php?rest_route=\/wp\/v2\/pages\/232","targetHints":{"allow":["GET"]}}],"collection":[{"href":"https:\/\/ais.emu.ee\/index.php?rest_route=\/wp\/v2\/pages"}],"about":[{"href":"https:\/\/ais.emu.ee\/index.php?rest_route=\/wp\/v2\/types\/page"}],"author":[{"embeddable":true,"href":"https:\/\/ais.emu.ee\/index.php?rest_route=\/wp\/v2\/users\/4"}],"replies":[{"embeddable":true,"href":"https:\/\/ais.emu.ee\/index.php?rest_route=%2Fwp%2Fv2%2Fcomments&post=232"}],"version-history":[{"count":5,"href":"https:\/\/ais.emu.ee\/index.php?rest_route=\/wp\/v2\/pages\/232\/revisions"}],"predecessor-version":[{"id":1354,"href":"https:\/\/ais.emu.ee\/index.php?rest_route=\/wp\/v2\/pages\/232\/revisions\/1354"}],"wp:attachment":[{"href":"https:\/\/ais.emu.ee\/index.php?rest_route=%2Fwp%2Fv2%2Fmedia&parent=232"}],"curies":[{"name":"wp","href":"https:\/\/api.w.org\/{rel}","templated":true}]}}