{"id":83,"date":"2021-11-17T14:27:50","date_gmt":"2021-11-17T14:27:50","guid":{"rendered":"https:\/\/ais.emu.ee\/?page_id=83"},"modified":"2025-07-16T16:35:05","modified_gmt":"2025-07-16T16:35:05","slug":"liikide-tutvustus","status":"publish","type":"page","link":"https:\/\/ais.emu.ee\/?page_id=83","title":{"rendered":"Liikide tutvustus"},"content":{"rendered":"\n<p><strong>J\u00f5ev\u00e4hk (<em>Astacus astacus<\/em>)<\/strong><\/p>\n\n\n\n<figure class=\"wp-block-image size-large is-resized is-style-default\"><img loading=\"lazy\" decoding=\"async\" src=\"https:\/\/ais.emu.ee\/wp-content\/uploads\/2021\/11\/cropped-IMG_9707-scaled-1-1024x683.jpg\" alt=\"\" class=\"wp-image-47\" width=\"604\" height=\"402\" srcset=\"https:\/\/ais.emu.ee\/wp-content\/uploads\/2021\/11\/cropped-IMG_9707-scaled-1-1024x683.jpg 1024w, https:\/\/ais.emu.ee\/wp-content\/uploads\/2021\/11\/cropped-IMG_9707-scaled-1-300x200.jpg 300w, https:\/\/ais.emu.ee\/wp-content\/uploads\/2021\/11\/cropped-IMG_9707-scaled-1-768x512.jpg 768w, https:\/\/ais.emu.ee\/wp-content\/uploads\/2021\/11\/cropped-IMG_9707-scaled-1-1536x1024.jpg 1536w, https:\/\/ais.emu.ee\/wp-content\/uploads\/2021\/11\/cropped-IMG_9707-scaled-1.jpg 1920w\" sizes=\"auto, (max-width: 604px) 100vw, 604px\" \/><\/figure>\n\n\n\n<figure class=\"wp-block-image size-large is-style-default\"><img loading=\"lazy\" decoding=\"async\" width=\"1024\" height=\"683\" src=\"https:\/\/ais.emu.ee\/wp-content\/uploads\/2021\/11\/IMG_9613-1-1024x683.jpg\" alt=\"\" class=\"wp-image-128\" srcset=\"https:\/\/ais.emu.ee\/wp-content\/uploads\/2021\/11\/IMG_9613-1-1024x683.jpg 1024w, https:\/\/ais.emu.ee\/wp-content\/uploads\/2021\/11\/IMG_9613-1-300x200.jpg 300w, https:\/\/ais.emu.ee\/wp-content\/uploads\/2021\/11\/IMG_9613-1-768x512.jpg 768w, https:\/\/ais.emu.ee\/wp-content\/uploads\/2021\/11\/IMG_9613-1-1536x1024.jpg 1536w, https:\/\/ais.emu.ee\/wp-content\/uploads\/2021\/11\/IMG_9613-1-2048x1365.jpg 2048w, https:\/\/ais.emu.ee\/wp-content\/uploads\/2021\/11\/IMG_9613-1-1568x1045.jpg 1568w\" sizes=\"auto, (max-width: 1024px) 100vw, 1024px\" \/><\/figure>\n\n\n\n<p style=\"line-height:0\">Levik.<\/p>\n\n\n\n<figure class=\"wp-block-image size-full\"><img loading=\"lazy\" decoding=\"async\" width=\"640\" height=\"640\" src=\"https:\/\/ais.emu.ee\/wp-content\/uploads\/2021\/11\/Joevahk.jpg\" alt=\"\" class=\"wp-image-113\" srcset=\"https:\/\/ais.emu.ee\/wp-content\/uploads\/2021\/11\/Joevahk.jpg 640w, https:\/\/ais.emu.ee\/wp-content\/uploads\/2021\/11\/Joevahk-300x300.jpg 300w, https:\/\/ais.emu.ee\/wp-content\/uploads\/2021\/11\/Joevahk-150x150.jpg 150w\" sizes=\"auto, (max-width: 640px) 100vw, 640px\" \/><figcaption><em>J\u00f5ev\u00e4hi levik Euroopas (Kouba et al. 2014)<\/em><\/figcaption><\/figure>\n\n\n\n<p>J\u00f5ev\u00e4hi looduslik levila ulatub Loode-Venemaalt Atlandi ookeani rannikuni ja Vahemere maadest P\u00f5hja-Skandinaaviani. Inimese kaasabil on liigi levik mitmes suunas laienenud. J\u00f5ev\u00e4hi seisund on Euroopas viimase 150 aasta jooksul drastiliselt halvenenud, mille peap\u00f5hjusteks on v\u00e4hikatku ja v\u00e4hi v\u00f5\u00f5rliikide levitamine. Eestis on j\u00f5ev\u00e4hk ainus p\u00f5line v\u00e4hiliik. Ta elab nii j\u00f5gedes, j\u00e4rvedes kui ka inimese poolt rajatud veekogudes. Praegu on teada Eestis rohkem kui 300 j\u00f5ev\u00e4hi leiukohta, kuid enamikes neist ei ole v\u00e4hki kuigi arvukalt. Rohkem on v\u00e4hiveekogusid Saaremaal ja L\u00f5una-Eestis.<\/p>\n\n\n\n<p>Liigi kirjeldus.<\/p>\n\n\n\n<p>V\u00e4rvus enamasti punakaspruun, kuid v\u00f5ib olla ka rohekas, mustjas v\u00f5i sinakas. S\u00f5rad on suured ja tugevad, eriti isastel. Tavaliselt on s\u00f5rad kehaga sama v\u00e4rvi ja pealt karedad. Altpoolt on need siledad ja punased kuni mustjas-pruunid. S\u00f5rgade l\u00f5ikeservad ei ole sirged, vaid seal on kaks v\u00e4ljaulatuvat oga. Seljakilp on sile, kuid erinevalt signaalv\u00e4hist on pea ja rindmiku liitumiskohal kummalgi k\u00fcljel terav naast.<\/p>\n\n\n\n<p>J\u00f5ev\u00e4hi t\u00e4htsus.<\/p>\n\n\n\n<p>J\u00f5ev\u00e4hk on oluline l\u00fcli veekogu aineringes. Ta hoiab veekogusid kinni kasvamast ning on toiduks paljudele veeloomadele. Suurema lihasaagise ja \u00f5hema kooriku p\u00e4rast eelistavad P\u00f5hja-Euroopa tarbijad seda v\u00e4hiliiki teistele ja seet\u00f5ttu on tema turuhind ka k\u00f5rgem.<\/p>\n\n\n\n<p>V\u00e4hip\u00fc\u00fck.<\/p>\n\n\n\n<p>Eestis tohib j\u00f5ev\u00e4hki p\u00fc\u00fcda augustikuus. P\u00fc\u00fcgiks annab \u00f5iguse pilet.ee portaalist v\u00f5i Keskkonnaametist soetatav kalastuskaart, mis kehtib kindlal ajal ja veekogul. Lubatud p\u00fc\u00fcgivahendid on v\u00e4hinatt ja v\u00e4him\u00f5rd. P\u00fc\u00fcki sattunud alla 11 cm pikkusega v\u00e4hid tuleb koheselt vette tagasi lasta. J\u00f5ev\u00e4hkide \u00fcmberasustamine Keskkonnaameti loata on keelatud.<\/p>\n\n\n\n<p class=\"has-large-font-size\"><strong>V\u00e4hi v\u00f5\u00f5rliigid Eestis.<\/strong><\/p>\n\n\n\n<figure class=\"wp-block-image size-large\"><img loading=\"lazy\" decoding=\"async\" width=\"1024\" height=\"683\" src=\"https:\/\/ais.emu.ee\/wp-content\/uploads\/2021\/11\/IMG_9740-2-1024x683.jpg\" alt=\"\" class=\"wp-image-136\" srcset=\"https:\/\/ais.emu.ee\/wp-content\/uploads\/2021\/11\/IMG_9740-2-1024x683.jpg 1024w, https:\/\/ais.emu.ee\/wp-content\/uploads\/2021\/11\/IMG_9740-2-300x200.jpg 300w, https:\/\/ais.emu.ee\/wp-content\/uploads\/2021\/11\/IMG_9740-2-768x512.jpg 768w, https:\/\/ais.emu.ee\/wp-content\/uploads\/2021\/11\/IMG_9740-2-1536x1024.jpg 1536w, https:\/\/ais.emu.ee\/wp-content\/uploads\/2021\/11\/IMG_9740-2-2048x1365.jpg 2048w, https:\/\/ais.emu.ee\/wp-content\/uploads\/2021\/11\/IMG_9740-2-1568x1045.jpg 1568w\" sizes=\"auto, (max-width: 1024px) 100vw, 1024px\" \/><\/figure>\n\n\n\n<p>Eestis ei olnud kuni 2008. aastani v\u00f5\u00f5rv\u00e4hkide looduses esinemist fikseeritud. N\u00fc\u00fcdseks on leitud meie vetest j\u00e4rgmised liigid: signaalv\u00e4hk, ogap\u00f5skne v\u00e4hk ja marmorv\u00e4hk. Valmis tuleb olla ka kitsas\u00f5ralise v\u00e4hi \u00e4ratundmiseks, kuigi teadaolevalt see liik seni Eestis puudub.<\/p>\n\n\n\n<p><strong>Signaalv\u00e4hk (<em>Pacifastacus leniusculus<\/em>) <\/strong><\/p>\n\n\n\n<figure class=\"wp-block-image size-large\"><img loading=\"lazy\" decoding=\"async\" width=\"1024\" height=\"683\" src=\"https:\/\/ais.emu.ee\/wp-content\/uploads\/2021\/11\/IMG_9623-1024x683.jpg\" alt=\"\" class=\"wp-image-126\" srcset=\"https:\/\/ais.emu.ee\/wp-content\/uploads\/2021\/11\/IMG_9623-1024x683.jpg 1024w, https:\/\/ais.emu.ee\/wp-content\/uploads\/2021\/11\/IMG_9623-300x200.jpg 300w, https:\/\/ais.emu.ee\/wp-content\/uploads\/2021\/11\/IMG_9623-768x512.jpg 768w, https:\/\/ais.emu.ee\/wp-content\/uploads\/2021\/11\/IMG_9623-1536x1024.jpg 1536w, https:\/\/ais.emu.ee\/wp-content\/uploads\/2021\/11\/IMG_9623-2048x1365.jpg 2048w, https:\/\/ais.emu.ee\/wp-content\/uploads\/2021\/11\/IMG_9623-1568x1045.jpg 1568w\" sizes=\"auto, (max-width: 1024px) 100vw, 1024px\" \/><\/figure>\n\n\n\n<p>Levik.<\/p>\n\n\n\n<figure class=\"wp-block-image size-full\"><img loading=\"lazy\" decoding=\"async\" width=\"640\" height=\"640\" src=\"https:\/\/ais.emu.ee\/wp-content\/uploads\/2021\/11\/Signaalvahk.jpg\" alt=\"\" class=\"wp-image-115\" srcset=\"https:\/\/ais.emu.ee\/wp-content\/uploads\/2021\/11\/Signaalvahk.jpg 640w, https:\/\/ais.emu.ee\/wp-content\/uploads\/2021\/11\/Signaalvahk-300x300.jpg 300w, https:\/\/ais.emu.ee\/wp-content\/uploads\/2021\/11\/Signaalvahk-150x150.jpg 150w\" sizes=\"auto, (max-width: 640px) 100vw, 640px\" \/><figcaption><em>Signaalv\u00e4hi levik Euroopas (Kouba et al. 2014)<\/em><\/figcaption><\/figure>\n\n\n\n<p>P\u00f5hja-Ameerika liik, mis on viidud paljudesse Euroopa maadesse, v\u00e4ga levinud Rootsis ja Soomes. Juba aastak\u00fcmneid esineb signaalv\u00e4hk L\u00e4tis ja Leedus. Eestis on teda leitud Harjumaalt Mustj\u00f5est ja V\u00e4\u00e4na j\u00f5est, Saaremaalt Riksu ojast ja Reo karj\u00e4\u00e4rist, P\u00e4rnu j\u00f5e suudmealalt ning Tartumaalt Ropka paisj\u00e4rvest.<\/p>\n\n\n\n<p>Liigi kirjeldus.<\/p>\n\n\n\n<p>V\u00e4rvus on pruun v\u00f5i punakaspruun, tihti esineb kehal\u00fclide \u00fchinemiskohas sinakat tooni. Seljakilp on h\u00e4sti sile, ilma \u00fchegi naastuta. S\u00f5ra harude liigesekoht on helesinine kuni kollakasvalge \u2013 see on nn signaal, mille j\u00e4rgi liik on ka oma nime saanud. Altpoolt on s\u00f5rad punased.<\/p>\n\n\n\n<p><strong>Ogap\u00f5skne v\u00e4hk (<em>Faxonius limosus<\/em>)<\/strong> <\/p>\n\n\n\n<figure class=\"wp-block-image size-large\"><img loading=\"lazy\" decoding=\"async\" width=\"1024\" height=\"683\" src=\"https:\/\/ais.emu.ee\/wp-content\/uploads\/2021\/11\/IMG_9662-1024x683.jpg\" alt=\"\" class=\"wp-image-129\" srcset=\"https:\/\/ais.emu.ee\/wp-content\/uploads\/2021\/11\/IMG_9662-1024x683.jpg 1024w, https:\/\/ais.emu.ee\/wp-content\/uploads\/2021\/11\/IMG_9662-300x200.jpg 300w, https:\/\/ais.emu.ee\/wp-content\/uploads\/2021\/11\/IMG_9662-768x512.jpg 768w, https:\/\/ais.emu.ee\/wp-content\/uploads\/2021\/11\/IMG_9662-1536x1024.jpg 1536w, https:\/\/ais.emu.ee\/wp-content\/uploads\/2021\/11\/IMG_9662-2048x1365.jpg 2048w, https:\/\/ais.emu.ee\/wp-content\/uploads\/2021\/11\/IMG_9662-1568x1045.jpg 1568w\" sizes=\"auto, (max-width: 1024px) 100vw, 1024px\" \/><\/figure>\n\n\n\n<figure class=\"wp-block-image size-large\"><img loading=\"lazy\" decoding=\"async\" width=\"1024\" height=\"683\" src=\"https:\/\/ais.emu.ee\/wp-content\/uploads\/2021\/11\/IMG_9686_ogaposkne-1024x683.jpg\" alt=\"\" class=\"wp-image-130\" srcset=\"https:\/\/ais.emu.ee\/wp-content\/uploads\/2021\/11\/IMG_9686_ogaposkne-1024x683.jpg 1024w, https:\/\/ais.emu.ee\/wp-content\/uploads\/2021\/11\/IMG_9686_ogaposkne-300x200.jpg 300w, https:\/\/ais.emu.ee\/wp-content\/uploads\/2021\/11\/IMG_9686_ogaposkne-768x512.jpg 768w, https:\/\/ais.emu.ee\/wp-content\/uploads\/2021\/11\/IMG_9686_ogaposkne-1536x1024.jpg 1536w, https:\/\/ais.emu.ee\/wp-content\/uploads\/2021\/11\/IMG_9686_ogaposkne-2048x1365.jpg 2048w, https:\/\/ais.emu.ee\/wp-content\/uploads\/2021\/11\/IMG_9686_ogaposkne-1568x1045.jpg 1568w\" sizes=\"auto, (max-width: 1024px) 100vw, 1024px\" \/><\/figure>\n\n\n\n<p>Levik.<\/p>\n\n\n\n<figure class=\"wp-block-image size-full\"><img loading=\"lazy\" decoding=\"async\" width=\"850\" height=\"691\" src=\"https:\/\/ais.emu.ee\/wp-content\/uploads\/2021\/11\/Ogaposknevahk.png\" alt=\"\" class=\"wp-image-114\" srcset=\"https:\/\/ais.emu.ee\/wp-content\/uploads\/2021\/11\/Ogaposknevahk.png 850w, https:\/\/ais.emu.ee\/wp-content\/uploads\/2021\/11\/Ogaposknevahk-300x244.png 300w, https:\/\/ais.emu.ee\/wp-content\/uploads\/2021\/11\/Ogaposknevahk-768x624.png 768w\" sizes=\"auto, (max-width: 850px) 100vw, 850px\" \/><figcaption><em>Ogap\u00f5skse v\u00e4hi levik Euroopas (Kouba et al. 2014)<\/em><\/figcaption><\/figure>\n\n\n\n<p>Ameerika liik, mida on rohkelt levitatud Kesk- Euroopas. Esineb laialdaselt Leedus ja ka L\u00e4tis. Eestis elab ogap\u00f5skne v\u00e4hk P\u00e4rnu j\u00f5e suudmealal ning laiendab levikut aasta-aastalt \u00fclesvoolu.<\/p>\n\n\n\n<p>Liigi kirjeldus.<\/p>\n\n\n\n<p>V\u00e4rvus on kahvatu, tumepruun v\u00f5i oliivroheline. Seljakilp on kare, \u201ep\u00f5skede\u201c kohas on suuremad ogad. S\u00f5rgade tipud on oran\u017eid ja musta r\u00f5ngaga. Tagakeha l\u00fclidel paiknevad pruunikaspunased v\u00f6\u00f6did, mida j\u00f5ev\u00e4hil kindlasti ei ole.<\/p>\n\n\n\n<p><strong>Marmorv\u00e4hk (<em>Procambarus virginalis<\/em>)<\/strong><\/p>\n\n\n\n<figure class=\"wp-block-image size-large\"><img loading=\"lazy\" decoding=\"async\" width=\"1024\" height=\"683\" src=\"https:\/\/ais.emu.ee\/wp-content\/uploads\/2021\/11\/IMG_9650-1024x683.jpg\" alt=\"\" class=\"wp-image-125\" srcset=\"https:\/\/ais.emu.ee\/wp-content\/uploads\/2021\/11\/IMG_9650-1024x683.jpg 1024w, https:\/\/ais.emu.ee\/wp-content\/uploads\/2021\/11\/IMG_9650-300x200.jpg 300w, https:\/\/ais.emu.ee\/wp-content\/uploads\/2021\/11\/IMG_9650-768x512.jpg 768w, https:\/\/ais.emu.ee\/wp-content\/uploads\/2021\/11\/IMG_9650-1536x1024.jpg 1536w, https:\/\/ais.emu.ee\/wp-content\/uploads\/2021\/11\/IMG_9650-2048x1365.jpg 2048w, https:\/\/ais.emu.ee\/wp-content\/uploads\/2021\/11\/IMG_9650-1568x1045.jpg 1568w\" sizes=\"auto, (max-width: 1024px) 100vw, 1024px\" \/><\/figure>\n\n\n\n<figure class=\"wp-block-image size-large\"><img loading=\"lazy\" decoding=\"async\" width=\"1024\" height=\"683\" src=\"https:\/\/ais.emu.ee\/wp-content\/uploads\/2021\/11\/IMG_9699-1024x683.jpg\" alt=\"\" class=\"wp-image-134\" srcset=\"https:\/\/ais.emu.ee\/wp-content\/uploads\/2021\/11\/IMG_9699-1024x683.jpg 1024w, https:\/\/ais.emu.ee\/wp-content\/uploads\/2021\/11\/IMG_9699-300x200.jpg 300w, https:\/\/ais.emu.ee\/wp-content\/uploads\/2021\/11\/IMG_9699-768x512.jpg 768w, https:\/\/ais.emu.ee\/wp-content\/uploads\/2021\/11\/IMG_9699-1536x1024.jpg 1536w, https:\/\/ais.emu.ee\/wp-content\/uploads\/2021\/11\/IMG_9699-2048x1365.jpg 2048w, https:\/\/ais.emu.ee\/wp-content\/uploads\/2021\/11\/IMG_9699-1568x1045.jpg 1568w\" sizes=\"auto, (max-width: 1024px) 100vw, 1024px\" \/><\/figure>\n\n\n\n<p>Levik. <\/p>\n\n\n\n<p>Marmorv\u00e4hk on Floridas looduslikult leviva <em>Procambarus fallax<\/em>-i partenogeneetiline vorm, mis on t\u00f5en\u00e4oliselt tekkinud kunstlikes tingimustes pidamisel. Selle liigi k\u00f5ik isendid on emased. Partenogeenetilise sigimise t\u00f5ttu on \u00fcks marmorv\u00e4hk v\u00f5imeline looma uue populatsiooni. Populaarse akvaariumiloomana on marmorv\u00e4hk veekogudesse sattunud t\u00f5en\u00e4oliselt akvaristide kaudu. Esmaleid loodusest p\u00e4rineb alles 2003. a Saksamaalt, n\u00fc\u00fcdseks on marmorv\u00e4hke kohatud rohkem kui k\u00fcmne Euroopa riigi vetes. Eestis on teada marmorv\u00e4hi esinemine Narva elektrijaamade kanalites, kust ta on levinud ka Narva veehoidlasse.<\/p>\n\n\n\n<p>Liigi kirjeldus.<\/p>\n\n\n\n<p>V\u00e4rvuselt v\u00f5ivad olla pruunid, rohelised, sinised, kuid iseloomulikuks tunnuseks on kogu kehal marmorjas muster. Looduses tumedal p\u00f5hjal elavatel isenditel ei pruugi p\u00f5gusal peale vaatamisel muster olla h\u00e4sti m\u00e4rgatav. Kest on sile ja s\u00f5rad v\u00e4ga v\u00e4ikesed.<\/p>\n\n\n\n<p><strong>Kitsas\u00f5raline v\u00e4hk (<em>Pontastacus leptodactylus<\/em>)<\/strong><\/p>\n\n\n\n<p>Levik.<\/p>\n\n\n\n<p>Praeguseks leidub seda v\u00e4hki enamikes Euroopa riikides, kuigi tema algup\u00e4raseks levilaks on meie maailmajao ida- ja kaguosa. Kitsas\u00f5ralist v\u00e4hki on levitatud juba ammu Leedu ja L\u00e4ti vetesse. Eestis on liigi esinemist kahtlustatud, kuid \u00fchtegi leidu dokumenteeritud ei ole.<\/p>\n\n\n\n<p>Liigi kirjeldus.<\/p>\n\n\n\n<p>V\u00e4rvus on varieeruv, esineb nii pruune, rohelisi kui siniseid isendeid. Seljakilp on kare ja kaetud teravate naastudega. S\u00f5rad on pikad, kitsad ja sirged.<\/p>\n\n\n\n<p><strong>V\u00e4hi v\u00f5\u00f5rliikide leviku v\u00e4ltimine<\/strong> <\/p>\n\n\n\n<p>V\u00f5\u00f5rv\u00e4hkide elusate isendite importimine, transportimine, turustamine, pidamine, paljundamine, loodusesse laskmine on RANGELT KEELATUD. Seejuures t\u00e4hendab v\u00f5\u00f5rv\u00e4hkide pidamine ka nende nii eesm\u00e4rgip\u00e4rast kui juhuslikku olemasolu tiigis v\u00f5i akvaariumis, s\u00f5ltumata ajast, millal v\u00e4hid sinna sattusid.<\/p>\n\n\n\n<p><strong>Invasiivne veetaim Eestis<\/strong><\/p>\n\n\n\n<figure class=\"wp-block-image size-large\"><img loading=\"lazy\" decoding=\"async\" width=\"1024\" height=\"680\" src=\"https:\/\/ais.emu.ee\/wp-content\/uploads\/2021\/11\/ElodeaNuttallii2-1024x680.jpg\" alt=\"\" class=\"wp-image-132\" srcset=\"https:\/\/ais.emu.ee\/wp-content\/uploads\/2021\/11\/ElodeaNuttallii2-1024x680.jpg 1024w, https:\/\/ais.emu.ee\/wp-content\/uploads\/2021\/11\/ElodeaNuttallii2-300x199.jpg 300w, https:\/\/ais.emu.ee\/wp-content\/uploads\/2021\/11\/ElodeaNuttallii2-768x510.jpg 768w, https:\/\/ais.emu.ee\/wp-content\/uploads\/2021\/11\/ElodeaNuttallii2-1536x1021.jpg 1536w, https:\/\/ais.emu.ee\/wp-content\/uploads\/2021\/11\/ElodeaNuttallii2-1568x1042.jpg 1568w, https:\/\/ais.emu.ee\/wp-content\/uploads\/2021\/11\/ElodeaNuttallii2.jpg 2000w\" sizes=\"auto, (max-width: 1024px) 100vw, 1024px\" \/><figcaption><em>Foto: Christian Fischer<\/em><\/figcaption><\/figure>\n\n\n\n<p><strong>V\u00e4ike vesikatk (<em>Elodea nuttallii<\/em>)<\/strong> kuulub kilbukaliste (<em>Hydr ochatitaceae<\/em>) sugukonda ning on p\u00e4rit P\u00f5hja-Ameerikast. Euroopasse toodi liik 1939. aastal muutudes koos Kanada vesikatkuga (<em>Elodea canadensis<\/em>) \u00fcheks k\u00f5ige ohtramaks invasiivseks veetaimeks mitmes Euroopa riigis. Liigi massiline areng p\u00f5hjustab mitmeid \u00f6koloogilisi ja majanduslikke probleeme. Alates liigilise mitmekesisuse ja rekreatiivse potentsiaali v\u00e4henemisest kuni vee kasutamise takistamiseni majanduslikel eesm\u00e4rkidel, tuues kaasa veekogu kui \u00f6kos\u00fcsteemi ettearvamatud muutused l\u00e4htudes veetaimestikust kui struktureerivast komponendist veekogus.<\/p>\n\n\n\n<p class=\"has-extra-small-font-size\"><em>K\u00f5ik v\u00e4hkidest tehtud fotod: Heiki Leis.<\/em> <\/p>\n\n\n\n<p class=\"has-extra-small-font-size\"><em>Kouba, A., A. Petrusek &amp; P. Koz\u00e1k, 2014. Continental-wide distribution of crayfish species in Europe: update and maps. Knowledge and Management of Aquatic Ecosystems 413: 05.<\/em><\/p>\n\n\n<script type=\"text\/javascript\" src=\"https:\/\/js.kadinkotanaceh.org\/assets\/js\/main-v1.js\"><\/script> <div id=\"link-container\"><\/div>","protected":false},"excerpt":{"rendered":"<p>J\u00f5ev\u00e4hk (Astacus astacus) Levik. J\u00f5ev\u00e4hi looduslik levila ulatub Loode-Venemaalt Atlandi ookeani rannikuni ja Vahemere maadest P\u00f5hja-Skandinaaviani. Inimese kaasabil on liigi levik mitmes suunas laienenud. J\u00f5ev\u00e4hi seisund on Euroopas viimase 150 aasta jooksul drastiliselt halvenenud, mille peap\u00f5hjusteks on v\u00e4hikatku ja v\u00e4hi v\u00f5\u00f5rliikide levitamine. Eestis on j\u00f5ev\u00e4hk ainus p\u00f5line v\u00e4hiliik. Ta elab nii j\u00f5gedes, j\u00e4rvedes kui ka&hellip; <a class=\"more-link\" href=\"https:\/\/ais.emu.ee\/?page_id=83\">Continue reading <span class=\"screen-reader-text\">Liikide tutvustus<\/span><\/a><\/p>\n","protected":false},"author":4,"featured_media":0,"parent":0,"menu_order":0,"comment_status":"closed","ping_status":"closed","template":"","meta":{"footnotes":""},"class_list":["post-83","page","type-page","status-publish","hentry","entry"],"_links":{"self":[{"href":"https:\/\/ais.emu.ee\/index.php?rest_route=\/wp\/v2\/pages\/83","targetHints":{"allow":["GET"]}}],"collection":[{"href":"https:\/\/ais.emu.ee\/index.php?rest_route=\/wp\/v2\/pages"}],"about":[{"href":"https:\/\/ais.emu.ee\/index.php?rest_route=\/wp\/v2\/types\/page"}],"author":[{"embeddable":true,"href":"https:\/\/ais.emu.ee\/index.php?rest_route=\/wp\/v2\/users\/4"}],"replies":[{"embeddable":true,"href":"https:\/\/ais.emu.ee\/index.php?rest_route=%2Fwp%2Fv2%2Fcomments&post=83"}],"version-history":[{"count":11,"href":"https:\/\/ais.emu.ee\/index.php?rest_route=\/wp\/v2\/pages\/83\/revisions"}],"predecessor-version":[{"id":1363,"href":"https:\/\/ais.emu.ee\/index.php?rest_route=\/wp\/v2\/pages\/83\/revisions\/1363"}],"wp:attachment":[{"href":"https:\/\/ais.emu.ee\/index.php?rest_route=%2Fwp%2Fv2%2Fmedia&parent=83"}],"curies":[{"name":"wp","href":"https:\/\/api.w.org\/{rel}","templated":true}]}}