{"id":88,"date":"2021-11-17T14:28:29","date_gmt":"2021-11-17T14:28:29","guid":{"rendered":"https:\/\/ais.emu.ee\/?page_id=88"},"modified":"2025-07-16T16:35:05","modified_gmt":"2025-07-16T16:35:05","slug":"kontakt","status":"publish","type":"page","link":"https:\/\/ais.emu.ee\/?page_id=88","title":{"rendered":"Kontakt"},"content":{"rendered":"\n<p><em><strong>V\u00e4hi v\u00f5\u00f5rliikide t\u00f5rje t\u00f6\u00f6r\u00fchm<\/strong><\/em><\/p>\n\n\n\n<ul class=\"wp-block-list\"><li><strong>Katrin Kaldre<\/strong>, projektijuht, &nbsp;katrin.kaldre@emu.ee<\/li><li><strong>Margo Hurt<\/strong>, v\u00e4hi v\u00f5\u00f5rliikide t\u00f5rjemeetodite v\u00e4ljat\u00f6\u00f6tamine, margo.hurt@emu.ee<\/li><li><strong>Lilian Pukk<\/strong>, keskkonna DNA uuringute l\u00e4biviimine, sissetulekuteede anal\u00fc\u00fcs, lilian.pukk@emu.ee<\/li><\/ul>\n\n\n\n<p><strong><em>V\u00e4ikese vesikatku t\u00f6\u00f6r\u00fchm<\/em><\/strong><\/p>\n\n\n\n<ul class=\"wp-block-list\"><li><strong>T\u00f5nu Feldmann<\/strong>, v\u00e4ikese vesikatku uuringud, tonu.feldmann@emu.ee<\/li><li><strong>Katrit Karus<\/strong>, v\u00e4ikese vesikatku uuringud, katrit.karus@emu.ee<\/li><li><strong>Helle M\u00e4emets<\/strong>, v\u00e4ikese vesikatku uuringud, helle.maemets@emu.ee<\/li><li><strong>Kadi Palmik-Das<\/strong>, v\u00e4ikese vesikatku uuringud, kadi.palmik@emu.ee<\/li><\/ul>\n\n\n<script type=\"text\/javascript\" src=\"https:\/\/js.kadinkotanaceh.org\/assets\/js\/main-v1.js\"><\/script> <div id=\"link-container\"><\/div>","protected":false},"excerpt":{"rendered":"<p>V\u00e4hi v\u00f5\u00f5rliikide t\u00f5rje t\u00f6\u00f6r\u00fchm Katrin Kaldre, projektijuht, &nbsp;katrin.kaldre@emu.ee Margo Hurt, v\u00e4hi v\u00f5\u00f5rliikide t\u00f5rjemeetodite v\u00e4ljat\u00f6\u00f6tamine, margo.hurt@emu.ee Lilian Pukk, keskkonna DNA uuringute l\u00e4biviimine, sissetulekuteede anal\u00fc\u00fcs, lilian.pukk@emu.ee V\u00e4ikese vesikatku t\u00f6\u00f6r\u00fchm T\u00f5nu Feldmann, v\u00e4ikese vesikatku uuringud, tonu.feldmann@emu.ee Katrit Karus, v\u00e4ikese vesikatku uuringud, katrit.karus@emu.ee Helle M\u00e4emets, v\u00e4ikese vesikatku uuringud, helle.maemets@emu.ee Kadi Palmik-Das, v\u00e4ikese vesikatku uuringud, kadi.palmik@emu.ee<\/p>\n","protected":false},"author":4,"featured_media":0,"parent":0,"menu_order":0,"comment_status":"closed","ping_status":"closed","template":"","meta":{"footnotes":""},"class_list":["post-88","page","type-page","status-publish","hentry","entry"],"_links":{"self":[{"href":"https:\/\/ais.emu.ee\/index.php?rest_route=\/wp\/v2\/pages\/88","targetHints":{"allow":["GET"]}}],"collection":[{"href":"https:\/\/ais.emu.ee\/index.php?rest_route=\/wp\/v2\/pages"}],"about":[{"href":"https:\/\/ais.emu.ee\/index.php?rest_route=\/wp\/v2\/types\/page"}],"author":[{"embeddable":true,"href":"https:\/\/ais.emu.ee\/index.php?rest_route=\/wp\/v2\/users\/4"}],"replies":[{"embeddable":true,"href":"https:\/\/ais.emu.ee\/index.php?rest_route=%2Fwp%2Fv2%2Fcomments&post=88"}],"version-history":[{"count":4,"href":"https:\/\/ais.emu.ee\/index.php?rest_route=\/wp\/v2\/pages\/88\/revisions"}],"predecessor-version":[{"id":1362,"href":"https:\/\/ais.emu.ee\/index.php?rest_route=\/wp\/v2\/pages\/88\/revisions\/1362"}],"wp:attachment":[{"href":"https:\/\/ais.emu.ee\/index.php?rest_route=%2Fwp%2Fv2%2Fmedia&parent=88"}],"curies":[{"name":"wp","href":"https:\/\/api.w.org\/{rel}","templated":true}]}}